{"id":2663,"date":"2025-08-07T15:01:50","date_gmt":"2025-08-07T18:01:50","guid":{"rendered":"https:\/\/consultorasepreve.com\/?page_id=2663"},"modified":"2026-04-29T12:06:47","modified_gmt":"2026-04-29T15:06:47","slug":"politica-de-privacidad","status":"publish","type":"page","link":"https:\/\/consultorasepreve.com\/en\/politica-de-privacidad\/","title":{"rendered":"Privacy Policy"},"content":{"rendered":"<div data-elementor-type=\"wp-page\" data-elementor-id=\"2663\" class=\"elementor elementor-2663\" data-elementor-post-type=\"page\">\n\t\t\t\t<div class=\"elementor-element elementor-element-b759f6d e-flex e-con-boxed e-con e-parent\" data-id=\"b759f6d\" data-element_type=\"container\" data-e-type=\"container\">\n\t\t\t\t\t<div class=\"e-con-inner\">\n\t\t\t\t<div class=\"elementor-element elementor-element-77ee7af elementor-widget elementor-widget-text-editor\" data-id=\"77ee7af\" data-element_type=\"widget\" data-e-type=\"widget\" data-widget_type=\"text-editor.default\">\n\t\t\t\t\t\t\t\t\t<h2 style=\"color: #333333;\"><span style=\"color: inherit;\" data-start=\"296\" data-end=\"341\">Privacy Policy<\/span><\/h2>\n<h3 style=\"color: #333333;\"><strong style=\"color: inherit; font-family: 'Bicyclee Light', sans-serif; font-size: 1rem;\" data-start=\"296\" data-end=\"341\">\u00daltima actualizaci\u00f3n: 29 de Abril de 2026<\/strong><\/h3>\n<p data-start=\"343\" data-end=\"542\" class=\"translation-block\">At <strong data-start=\"346\" data-end=\"368\">CONSULTORA SEPREVE<\/strong> , we are committed to protecting your privacy. This Privacy Policy explains how we collect, use and protect your personal data when you visit our website.<\/p>\n<hr data-start=\"544\" data-end=\"547\">\n<h3>1. Data Controller<\/h3>\n<p data-start=\"598\" data-end=\"793\">The party responsible for the collection and processing of personal data is <strong data-start=\"673\" data-end=\"695\">CONSULTORA SEPREVE<\/strong>, a company dedicated to providing specialized consulting services in prevention and security.<\/p>\n<p data-start=\"795\" data-end=\"826\">You can contact us through:<\/p>\n<ul data-start=\"827\" data-end=\"956\">\n<li data-start=\"827\" data-end=\"861\">\n<p data-start=\"829\" data-end=\"861\">&nbsp;Email: contacto@consultorasepreve.com<\/p>\n<\/li>\n<li data-start=\"862\" data-end=\"894\">\n<p data-start=\"864\" data-end=\"894\">Phone: +54 3518 509 088<\/p>\n<\/li>\n<li data-start=\"862\" data-end=\"894\">\n<p data-start=\"864\" data-end=\"894\">Contact form on our website<\/p>\n<\/li>\n<\/ul>\n<hr data-start=\"958\" data-end=\"961\">\n<h3 data-start=\"963\" data-end=\"991\">2. Data We Collect<\/h3>\n<p data-start=\"993\" data-end=\"1089\">Through the contact form on this page, we collect the following personal data:<\/p>\n<ul data-start=\"1090\" data-end=\"1142\">\n<li data-start=\"1090\" data-end=\"1098\">\n<p data-start=\"1092\" data-end=\"1098\">Name<\/p>\n<\/li>\n<li data-start=\"1099\" data-end=\"1132\">\n<p data-start=\"1101\" data-end=\"1132\">Email<\/p>\n<\/li>\n<li data-start=\"1133\" data-end=\"1142\">\n<p data-start=\"1135\" data-end=\"1142\">Message<\/p>\n<\/li>\n<\/ul>\n<p data-start=\"1144\" data-end=\"1301\">Additionally, when you browse our website, technical navigation data may be collected through cookies and third-party services such as Google reCAPTCHA.<\/p>\n<hr data-start=\"1303\" data-end=\"1306\">\n<h3 data-start=\"1308\" data-end=\"1351\">3. Purpose of Data Collection<\/h3>\n<p data-start=\"1353\" data-end=\"1390\">We use your personal data to:<\/p>\n<ul data-start=\"1391\" data-end=\"1599\">\n<li data-start=\"1391\" data-end=\"1443\">\n<p data-start=\"1393\" data-end=\"1443\">Respond to your inquiries about our services<\/p>\n<\/li>\n<li data-start=\"1444\" data-end=\"1515\">\n<p data-start=\"1446\" data-end=\"1515\">Contact you if necessary to provide additional information<\/p>\n<\/li>\n<li data-start=\"1516\" data-end=\"1599\">\n<p data-start=\"1518\" data-end=\"1599\">Ensure the security of the website through tools such as Google reCAPTCHA<\/p>\n<\/li>\n<\/ul>\n<p data-start=\"1601\" data-end=\"1675\">We do not use your data to send you advertising or newsletters, nor do we share it with third parties without your consent.<\/p>\n<hr data-start=\"1677\" data-end=\"1680\">\n<h3 data-start=\"1682\" data-end=\"1717\">4. Use of Third-Party Services<\/h3>\n<p data-start=\"1719\" data-end=\"1810\">On this website, we use third-party tools that may also collect certain data:<\/p>\n<ul data-start=\"1811\" data-end=\"2196\">\n<li data-start=\"1811\" data-end=\"2077\">\n<p data-start=\"1813\" data-end=\"2077\">Google reCAPTCHA: Para proteger el formulario de contacto contra el spam.&nbsp;<span style=\"background-color: transparent;\">This may involve the collection of data by Google, according to its own <\/span><a style=\"color: #333333;\" target=\"_new\" rel=\"noopener\" data-start=\"1624\" data-end=\"1685\">Privacy Policy<\/a><span style=\"background-color: transparent;\">.<\/span><\/p>\n<\/li>\n<li data-start=\"2128\" data-end=\"2196\">\n<p data-start=\"2130\" data-end=\"2196\">Possible future integrations with email marketing platforms or other services. In such cases, this policy will be updated.<\/p>\n<\/li>\n<\/ul>\n<hr data-start=\"2198\" data-end=\"2201\">\n<h3 data-start=\"2203\" data-end=\"2235\">5. Data Retention<\/h3>\n<p data-start=\"2237\" data-end=\"2445\">The data provided will be retained only for as long as necessary to respond to your inquiry, or until you request its deletion, in accordance with applicable data protection laws.<\/p>\n<hr data-start=\"2447\" data-end=\"2450\">\n<h3 data-start=\"2452\" data-end=\"2483\">6. User Rights<\/h3>\n<p data-start=\"2485\" data-end=\"2515\">As a user, you have the right to:<\/p>\n<ul data-start=\"2516\" data-end=\"2643\">\n<li data-start=\"2516\" data-end=\"2548\">\n<p data-start=\"2518\" data-end=\"2548\">Access your personal data<\/p>\n<\/li>\n<li data-start=\"2549\" data-end=\"2577\">\n<p data-start=\"2551\" data-end=\"2577\">Modify or update them<\/p>\n<\/li>\n<li data-start=\"2578\" data-end=\"2604\">\n<p data-start=\"2580\" data-end=\"2604\">Request their deletion<\/p>\n<\/li>\n<li data-start=\"2605\" data-end=\"2643\">\n<p data-start=\"2607\" data-end=\"2643\">Object to the processing of your data<\/p>\n<\/li>\n<\/ul>\n<p data-start=\"2645\" data-end=\"2718\">o exercise these rights, you can write to us at: contacto@consultorasepreve.com<\/p>\n<hr data-start=\"2720\" data-end=\"2723\">\n<h3 data-start=\"2725\" data-end=\"2754\">7. Data Security<\/h3>\n<p data-start=\"2756\" data-end=\"2975\">We implement appropriate technical and organizational measures to ensure a level of security proportional to the risk, and to protect your data against loss, misuse, unauthorized access, disclosure, or alteration.<\/p>\n<hr data-start=\"2977\" data-end=\"2980\">\n<h3 data-start=\"2982\" data-end=\"3027\">8. Changes to this Privacy Policy<\/h3>\n<p data-start=\"3167\" data-end=\"3199\"><span style=\"font-family: 'Bicyclee Light', sans-serif; font-size: 1rem;\">We reserve the right to modify this Privacy Policy at any time. The date of the last update is indicated at the beginning of the document.<\/span><\/p>\n<hr data-start=\"2977\" data-end=\"2980\">\n<h3 data-start=\"3167\" data-end=\"3199\">9. Acceptance of the Policy<\/h3>\n<p data-start=\"3201\" data-end=\"3347\">By using our website, you accept this Privacy Policy.<\/p>\n<hr data-start=\"3162\" data-end=\"3165\">\n<h3 data-start=\"3167\" data-end=\"3199\">&nbsp;<\/h3>\t\t\t\t\t\t\t\t<\/div>\n\t\t\t\t\t<\/div>\n\t\t\t\t<\/div>\n\t\t\t\t<\/div>","protected":false},"excerpt":{"rendered":"<p>Pol\u00edtica de Privacidad \u00daltima actualizaci\u00f3n: 29 de Abril de 2026 En CONSULTORA SEPREVE nos comprometemos a proteger tu privacidad. Esta Pol\u00edtica de Privacidad explica c\u00f3mo recopilamos, usamos y protegemos tus datos personales cuando visit\u00e1s nuestra p\u00e1gina web. 1. Responsable del Tratamiento de los Datos El responsable de la recopilaci\u00f3n y tratamiento de los datos personales [&hellip;]<\/p>\n","protected":false},"author":1,"featured_media":0,"parent":0,"menu_order":0,"comment_status":"closed","ping_status":"closed","template":"elementor_canvas","meta":{"footnotes":""},"class_list":["post-2663","page","type-page","status-publish","hentry"],"yoast_head":"<!-- This site is optimized with the Yoast SEO plugin v27.5 - https:\/\/yoast.com\/product\/yoast-seo-wordpress\/ -->\n<title>Pol\u00edtica de Privacidad - SEPREVE | Consultora de Seguridad y Prevenci\u00f3n Estrat\u00e9gicas<\/title>\n<meta name=\"robots\" content=\"noindex, nofollow\" \/>\n<meta property=\"og:locale\" content=\"en_US\" \/>\n<meta property=\"og:type\" content=\"article\" \/>\n<meta property=\"og:title\" content=\"Pol\u00edtica de Privacidad - SEPREVE | Consultora de Seguridad y Prevenci\u00f3n Estrat\u00e9gicas\" \/>\n<meta property=\"og:description\" content=\"Pol\u00edtica de Privacidad \u00daltima actualizaci\u00f3n: 29 de Abril de 2026 En CONSULTORA SEPREVE nos comprometemos a proteger tu privacidad. Esta Pol\u00edtica de Privacidad explica c\u00f3mo recopilamos, usamos y protegemos tus datos personales cuando visit\u00e1s nuestra p\u00e1gina web. 1. Responsable del Tratamiento de los Datos El responsable de la recopilaci\u00f3n y tratamiento de los datos personales [&hellip;]\" \/>\n<meta property=\"og:url\" content=\"https:\/\/consultorasepreve.com\/en\/politica-de-privacidad\/\" \/>\n<meta property=\"og:site_name\" content=\"SEPREVE | Consultora de Seguridad y Prevenci\u00f3n Estrat\u00e9gicas\" \/>\n<meta property=\"article:modified_time\" content=\"2026-04-29T15:06:47+00:00\" \/>\n<meta name=\"twitter:card\" content=\"summary_large_image\" \/>\n<meta name=\"twitter:label1\" content=\"Est. reading time\" \/>\n\t<meta name=\"twitter:data1\" content=\"2 minutes\" \/>\n<script type=\"application\/ld+json\" class=\"yoast-schema-graph\">{\"@context\":\"https:\\\/\\\/schema.org\",\"@graph\":[{\"@type\":\"WebPage\",\"@id\":\"https:\\\/\\\/consultorasepreve.com\\\/politica-de-privacidad\\\/\",\"url\":\"https:\\\/\\\/consultorasepreve.com\\\/politica-de-privacidad\\\/\",\"name\":\"Pol\u00edtica de Privacidad - SEPREVE | Consultora de Seguridad y Prevenci\u00f3n Estrat\u00e9gicas\",\"isPartOf\":{\"@id\":\"https:\\\/\\\/consultorasepreve.com\\\/#website\"},\"datePublished\":\"2025-08-07T18:01:50+00:00\",\"dateModified\":\"2026-04-29T15:06:47+00:00\",\"breadcrumb\":{\"@id\":\"https:\\\/\\\/consultorasepreve.com\\\/politica-de-privacidad\\\/#breadcrumb\"},\"inLanguage\":\"en-US\",\"potentialAction\":[{\"@type\":\"ReadAction\",\"target\":[\"https:\\\/\\\/consultorasepreve.com\\\/politica-de-privacidad\\\/\"]}]},{\"@type\":\"BreadcrumbList\",\"@id\":\"https:\\\/\\\/consultorasepreve.com\\\/politica-de-privacidad\\\/#breadcrumb\",\"itemListElement\":[{\"@type\":\"ListItem\",\"position\":1,\"name\":\"Inicio\",\"item\":\"https:\\\/\\\/consultorasepreve.com\\\/\"},{\"@type\":\"ListItem\",\"position\":2,\"name\":\"Pol\u00edtica de Privacidad\"}]},{\"@type\":\"WebSite\",\"@id\":\"https:\\\/\\\/consultorasepreve.com\\\/#website\",\"url\":\"https:\\\/\\\/consultorasepreve.com\\\/\",\"name\":\"SEPREVE Consultora de Seguridad y Prevensi\u00f3n Estrat\u00e9gicas\",\"description\":\"Consultora de Seguridad y Prevenci\u00f3n Estrat\u00e9gicas\",\"publisher\":{\"@id\":\"https:\\\/\\\/consultorasepreve.com\\\/#organization\"},\"potentialAction\":[{\"@type\":\"SearchAction\",\"target\":{\"@type\":\"EntryPoint\",\"urlTemplate\":\"https:\\\/\\\/consultorasepreve.com\\\/?s={search_term_string}\"},\"query-input\":{\"@type\":\"PropertyValueSpecification\",\"valueRequired\":true,\"valueName\":\"search_term_string\"}}],\"inLanguage\":\"en-US\"},{\"@type\":\"Organization\",\"@id\":\"https:\\\/\\\/consultorasepreve.com\\\/#organization\",\"name\":\"SEPREVE Consultora de Seguridad y Prevensi\u00f3n Estrat\u00e9gicas\",\"url\":\"https:\\\/\\\/consultorasepreve.com\\\/\",\"logo\":{\"@type\":\"ImageObject\",\"inLanguage\":\"en-US\",\"@id\":\"https:\\\/\\\/consultorasepreve.com\\\/#\\\/schema\\\/logo\\\/image\\\/\",\"url\":\"https:\\\/\\\/consultorasepreve.com\\\/wp-content\\\/uploads\\\/2025\\\/07\\\/cropped-SEPREVE-logo__04-5-1-4.png\",\"contentUrl\":\"https:\\\/\\\/consultorasepreve.com\\\/wp-content\\\/uploads\\\/2025\\\/07\\\/cropped-SEPREVE-logo__04-5-1-4.png\",\"width\":512,\"height\":512,\"caption\":\"SEPREVE Consultora de Seguridad y Prevensi\u00f3n Estrat\u00e9gicas\"},\"image\":{\"@id\":\"https:\\\/\\\/consultorasepreve.com\\\/#\\\/schema\\\/logo\\\/image\\\/\"}}]}<\/script>\n<!-- \/ Yoast SEO plugin. -->","yoast_head_json":{"title":"Pol\u00edtica de Privacidad - SEPREVE | Consultora de Seguridad y Prevenci\u00f3n Estrat\u00e9gicas","robots":{"index":"noindex","follow":"nofollow"},"og_locale":"en_US","og_type":"article","og_title":"Pol\u00edtica de Privacidad - SEPREVE | Consultora de Seguridad y Prevenci\u00f3n Estrat\u00e9gicas","og_description":"Pol\u00edtica de Privacidad \u00daltima actualizaci\u00f3n: 29 de Abril de 2026 En CONSULTORA SEPREVE nos comprometemos a proteger tu privacidad. Esta Pol\u00edtica de Privacidad explica c\u00f3mo recopilamos, usamos y protegemos tus datos personales cuando visit\u00e1s nuestra p\u00e1gina web. 1. Responsable del Tratamiento de los Datos El responsable de la recopilaci\u00f3n y tratamiento de los datos personales [&hellip;]","og_url":"https:\/\/consultorasepreve.com\/en\/politica-de-privacidad\/","og_site_name":"SEPREVE | Consultora de Seguridad y Prevenci\u00f3n Estrat\u00e9gicas","article_modified_time":"2026-04-29T15:06:47+00:00","twitter_card":"summary_large_image","twitter_misc":{"Est. reading time":"2 minutes"},"schema":{"@context":"https:\/\/schema.org","@graph":[{"@type":"WebPage","@id":"https:\/\/consultorasepreve.com\/politica-de-privacidad\/","url":"https:\/\/consultorasepreve.com\/politica-de-privacidad\/","name":"Pol\u00edtica de Privacidad - SEPREVE | Consultora de Seguridad y Prevenci\u00f3n Estrat\u00e9gicas","isPartOf":{"@id":"https:\/\/consultorasepreve.com\/#website"},"datePublished":"2025-08-07T18:01:50+00:00","dateModified":"2026-04-29T15:06:47+00:00","breadcrumb":{"@id":"https:\/\/consultorasepreve.com\/politica-de-privacidad\/#breadcrumb"},"inLanguage":"en-US","potentialAction":[{"@type":"ReadAction","target":["https:\/\/consultorasepreve.com\/politica-de-privacidad\/"]}]},{"@type":"BreadcrumbList","@id":"https:\/\/consultorasepreve.com\/politica-de-privacidad\/#breadcrumb","itemListElement":[{"@type":"ListItem","position":1,"name":"Inicio","item":"https:\/\/consultorasepreve.com\/"},{"@type":"ListItem","position":2,"name":"Pol\u00edtica de Privacidad"}]},{"@type":"WebSite","@id":"https:\/\/consultorasepreve.com\/#website","url":"https:\/\/consultorasepreve.com\/","name":"SEPREVE Consultora de Seguridad y Prevensi\u00f3n Estrat\u00e9gicas","description":"Consultora de Seguridad y Prevenci\u00f3n Estrat\u00e9gicas","publisher":{"@id":"https:\/\/consultorasepreve.com\/#organization"},"potentialAction":[{"@type":"SearchAction","target":{"@type":"EntryPoint","urlTemplate":"https:\/\/consultorasepreve.com\/?s={search_term_string}"},"query-input":{"@type":"PropertyValueSpecification","valueRequired":true,"valueName":"search_term_string"}}],"inLanguage":"en-US"},{"@type":"Organization","@id":"https:\/\/consultorasepreve.com\/#organization","name":"SEPREVE Consultora de Seguridad y Prevensi\u00f3n Estrat\u00e9gicas","url":"https:\/\/consultorasepreve.com\/","logo":{"@type":"ImageObject","inLanguage":"en-US","@id":"https:\/\/consultorasepreve.com\/#\/schema\/logo\/image\/","url":"https:\/\/consultorasepreve.com\/wp-content\/uploads\/2025\/07\/cropped-SEPREVE-logo__04-5-1-4.png","contentUrl":"https:\/\/consultorasepreve.com\/wp-content\/uploads\/2025\/07\/cropped-SEPREVE-logo__04-5-1-4.png","width":512,"height":512,"caption":"SEPREVE Consultora de Seguridad y Prevensi\u00f3n Estrat\u00e9gicas"},"image":{"@id":"https:\/\/consultorasepreve.com\/#\/schema\/logo\/image\/"}}]}},"_links":{"self":[{"href":"https:\/\/consultorasepreve.com\/en\/wp-json\/wp\/v2\/pages\/2663","targetHints":{"allow":["GET"]}}],"collection":[{"href":"https:\/\/consultorasepreve.com\/en\/wp-json\/wp\/v2\/pages"}],"about":[{"href":"https:\/\/consultorasepreve.com\/en\/wp-json\/wp\/v2\/types\/page"}],"author":[{"embeddable":true,"href":"https:\/\/consultorasepreve.com\/en\/wp-json\/wp\/v2\/users\/1"}],"replies":[{"embeddable":true,"href":"https:\/\/consultorasepreve.com\/en\/wp-json\/wp\/v2\/comments?post=2663"}],"version-history":[{"count":46,"href":"https:\/\/consultorasepreve.com\/en\/wp-json\/wp\/v2\/pages\/2663\/revisions"}],"predecessor-version":[{"id":4242,"href":"https:\/\/consultorasepreve.com\/en\/wp-json\/wp\/v2\/pages\/2663\/revisions\/4242"}],"wp:attachment":[{"href":"https:\/\/consultorasepreve.com\/en\/wp-json\/wp\/v2\/media?parent=2663"}],"curies":[{"name":"wp","href":"https:\/\/api.w.org\/{rel}","templated":true}]}}